{"id":32,"date":"2018-12-17T11:05:17","date_gmt":"2018-12-17T11:05:17","guid":{"rendered":"https:\/\/informeanualintegrado2019.ferrovial.com\/?page_id=32"},"modified":"2020-02-27T20:20:13","modified_gmt":"2020-02-27T19:20:13","slug":"evolucion-previsible-de-los-negocios-en-2020","status":"publish","type":"page","link":"https:\/\/informeanualintegrado2019.ferrovial.com\/es\/evolucion-previsible-de-los-negocios-en-2020\/","title":{"rendered":"Evoluci\u00f3n previsible de los Negocios en 2020"},"content":{"rendered":"<p>Evolucion<\/p>\n","protected":false},"excerpt":{"rendered":"<p>Ferrovial elabora una previsi\u00f3n de la evoluci\u00f3n para el a\u00f1o 2020 y de los principales mercados en los que opera. Esta previsi\u00f3n se realiza desarrollando la Estrategia, las Oportunidades y los Riesgos analizados en el Cap\u00edtulo 1.2 de este mismo Informe Integrado.<\/p>\n","protected":false},"featured_media":6944,"parent":0,"menu_order":0,"comment_status":"closed","ping_status":"closed","template":"template-level.php","meta":{"_acf_changed":false,"_monsterinsights_skip_tracking":false,"_monsterinsights_sitenote_active":false,"_monsterinsights_sitenote_note":"","_monsterinsights_sitenote_category":0,"footnotes":""},"class_list":["post-32","page","type-page","status-publish","has-post-thumbnail","hentry"],"acf":[],"yoast_head":"<!-- This site is optimized with the Yoast SEO plugin v27.2 - https:\/\/yoast.com\/product\/yoast-seo-wordpress\/ -->\n<title>Evoluci\u00f3n previsible de los Negocios en 2020 - Informe Anual Integrado 2019<\/title>\n<meta name=\"robots\" content=\"noindex, follow, max-snippet:-1, max-image-preview:large, max-video-preview:-1\" \/>\n<meta property=\"og:locale\" content=\"es_ES\" \/>\n<meta property=\"og:type\" content=\"article\" \/>\n<meta property=\"og:title\" content=\"Evoluci\u00f3n previsible de los Negocios en 2020 - Informe Anual Integrado 2019\" \/>\n<meta property=\"og:description\" content=\"Ferrovial elabora una previsi\u00f3n de la evoluci\u00f3n para el a\u00f1o 2020 y de los principales mercados en los que opera. Esta previsi\u00f3n se realiza desarrollando la Estrategia, las Oportunidades y los Riesgos analizados en el Cap\u00edtulo 1.2 de este mismo Informe Integrado.\" \/>\n<meta property=\"og:url\" content=\"https:\/\/informeanualintegrado2019.ferrovial.com\/es\/evolucion-previsible-de-los-negocios-en-2020\/\" \/>\n<meta property=\"og:site_name\" content=\"Informe Anual Integrado 2019\" \/>\n<meta property=\"article:publisher\" content=\"https:\/\/www.facebook.com\/ferrovial\" \/>\n<meta property=\"article:modified_time\" content=\"2020-02-27T19:20:13+00:00\" \/>\n<meta property=\"og:image\" content=\"https:\/\/static-iai.ferrovial.com\/wp-content\/uploads\/sites\/5\/2020\/02\/03115959\/evolucion01.jpg\" \/>\n\t<meta property=\"og:image:width\" content=\"1920\" \/>\n\t<meta property=\"og:image:height\" content=\"1004\" \/>\n\t<meta property=\"og:image:type\" content=\"image\/jpeg\" \/>\n<meta name=\"twitter:card\" content=\"summary_large_image\" \/>\n<meta name=\"twitter:site\" content=\"@ferrovial_es\" \/>\n<script type=\"application\/ld+json\" class=\"yoast-schema-graph\">{\"@context\":\"https:\/\/schema.org\",\"@graph\":[{\"@type\":\"WebPage\",\"@id\":\"https:\/\/informeanualintegrado2019.ferrovial.com\/es\/evolucion-previsible-de-los-negocios-en-2020\/\",\"url\":\"https:\/\/informeanualintegrado2019.ferrovial.com\/es\/evolucion-previsible-de-los-negocios-en-2020\/\",\"name\":\"Evoluci\u00f3n previsible de los Negocios en 2020 - Informe Anual Integrado 2019\",\"isPartOf\":{\"@id\":\"https:\/\/informeanualintegrado2019.ferrovial.com\/es\/#website\"},\"primaryImageOfPage\":{\"@id\":\"https:\/\/informeanualintegrado2019.ferrovial.com\/es\/evolucion-previsible-de-los-negocios-en-2020\/#primaryimage\"},\"image\":{\"@id\":\"https:\/\/informeanualintegrado2019.ferrovial.com\/es\/evolucion-previsible-de-los-negocios-en-2020\/#primaryimage\"},\"thumbnailUrl\":\"https:\/\/static-iai.ferrovial.com\/wp-content\/uploads\/sites\/5\/2020\/02\/03115959\/evolucion01.jpg\",\"datePublished\":\"2018-12-17T11:05:17+00:00\",\"dateModified\":\"2020-02-27T19:20:13+00:00\",\"breadcrumb\":{\"@id\":\"https:\/\/informeanualintegrado2019.ferrovial.com\/es\/evolucion-previsible-de-los-negocios-en-2020\/#breadcrumb\"},\"inLanguage\":\"es\",\"potentialAction\":[{\"@type\":\"ReadAction\",\"target\":[\"https:\/\/informeanualintegrado2019.ferrovial.com\/es\/evolucion-previsible-de-los-negocios-en-2020\/\"]}]},{\"@type\":\"ImageObject\",\"inLanguage\":\"es\",\"@id\":\"https:\/\/informeanualintegrado2019.ferrovial.com\/es\/evolucion-previsible-de-los-negocios-en-2020\/#primaryimage\",\"url\":\"https:\/\/static-iai.ferrovial.com\/wp-content\/uploads\/sites\/5\/2020\/02\/03115959\/evolucion01.jpg\",\"contentUrl\":\"https:\/\/static-iai.ferrovial.com\/wp-content\/uploads\/sites\/5\/2020\/02\/03115959\/evolucion01.jpg\",\"width\":1920,\"height\":1004},{\"@type\":\"BreadcrumbList\",\"@id\":\"https:\/\/informeanualintegrado2019.ferrovial.com\/es\/evolucion-previsible-de-los-negocios-en-2020\/#breadcrumb\",\"itemListElement\":[{\"@type\":\"ListItem\",\"position\":1,\"name\":\"Portada\",\"item\":\"https:\/\/informeanualintegrado2019.ferrovial.com\/es\/\"},{\"@type\":\"ListItem\",\"position\":2,\"name\":\"Evoluci\u00f3n previsible de los Negocios en 2020\"}]},{\"@type\":\"WebSite\",\"@id\":\"https:\/\/informeanualintegrado2019.ferrovial.com\/es\/#website\",\"url\":\"https:\/\/informeanualintegrado2019.ferrovial.com\/es\/\",\"name\":\"Informe Anual Integrado 2019\",\"description\":\"\",\"publisher\":{\"@id\":\"https:\/\/informeanualintegrado2019.ferrovial.com\/es\/#organization\"},\"potentialAction\":[{\"@type\":\"SearchAction\",\"target\":{\"@type\":\"EntryPoint\",\"urlTemplate\":\"https:\/\/informeanualintegrado2019.ferrovial.com\/es\/?s={search_term_string}\"},\"query-input\":{\"@type\":\"PropertyValueSpecification\",\"valueRequired\":true,\"valueName\":\"search_term_string\"}}],\"inLanguage\":\"es\"},{\"@type\":\"Organization\",\"@id\":\"https:\/\/informeanualintegrado2019.ferrovial.com\/es\/#organization\",\"name\":\"Ferrovial Corporaci\u00f3n S.A\",\"url\":\"https:\/\/informeanualintegrado2019.ferrovial.com\/es\/\",\"logo\":{\"@type\":\"ImageObject\",\"inLanguage\":\"es\",\"@id\":\"https:\/\/informeanualintegrado2019.ferrovial.com\/es\/#\/schema\/logo\/image\/\",\"url\":\"https:\/\/static-iai.ferrovial.com\/wp-content\/uploads\/sites\/5\/2019\/02\/03120518\/ferrovial_logo_negativo.jpg\",\"contentUrl\":\"https:\/\/static-iai.ferrovial.com\/wp-content\/uploads\/sites\/5\/2019\/02\/03120518\/ferrovial_logo_negativo.jpg\",\"width\":1988,\"height\":688,\"caption\":\"Ferrovial Corporaci\u00f3n S.A\"},\"image\":{\"@id\":\"https:\/\/informeanualintegrado2019.ferrovial.com\/es\/#\/schema\/logo\/image\/\"},\"sameAs\":[\"https:\/\/www.facebook.com\/ferrovial\",\"https:\/\/x.com\/ferrovial_es\",\"https:\/\/instagram.com\/ferrovial\",\"https:\/\/www.linkedin.com\/company\/ferrovial\",\"https:\/\/pinterest.com\/ferrovial\",\"https:\/\/www.youtube.com\/ferrovial\"]}]}<\/script>\n<!-- \/ Yoast SEO plugin. -->","yoast_head_json":{"title":"Evoluci\u00f3n previsible de los Negocios en 2020 - Informe Anual Integrado 2019","robots":{"index":"noindex","follow":"follow","max-snippet":"max-snippet:-1","max-image-preview":"max-image-preview:large","max-video-preview":"max-video-preview:-1"},"og_locale":"es_ES","og_type":"article","og_title":"Evoluci\u00f3n previsible de los Negocios en 2020 - Informe Anual Integrado 2019","og_description":"Ferrovial elabora una previsi\u00f3n de la evoluci\u00f3n para el a\u00f1o 2020 y de los principales mercados en los que opera. Esta previsi\u00f3n se realiza desarrollando la Estrategia, las Oportunidades y los Riesgos analizados en el Cap\u00edtulo 1.2 de este mismo Informe Integrado.","og_url":"https:\/\/informeanualintegrado2019.ferrovial.com\/es\/evolucion-previsible-de-los-negocios-en-2020\/","og_site_name":"Informe Anual Integrado 2019","article_publisher":"https:\/\/www.facebook.com\/ferrovial","article_modified_time":"2020-02-27T19:20:13+00:00","og_image":[{"width":1920,"height":1004,"url":"https:\/\/static-iai.ferrovial.com\/wp-content\/uploads\/sites\/5\/2020\/02\/03115959\/evolucion01.jpg","type":"image\/jpeg"}],"twitter_card":"summary_large_image","twitter_site":"@ferrovial_es","schema":{"@context":"https:\/\/schema.org","@graph":[{"@type":"WebPage","@id":"https:\/\/informeanualintegrado2019.ferrovial.com\/es\/evolucion-previsible-de-los-negocios-en-2020\/","url":"https:\/\/informeanualintegrado2019.ferrovial.com\/es\/evolucion-previsible-de-los-negocios-en-2020\/","name":"Evoluci\u00f3n previsible de los Negocios en 2020 - Informe Anual Integrado 2019","isPartOf":{"@id":"https:\/\/informeanualintegrado2019.ferrovial.com\/es\/#website"},"primaryImageOfPage":{"@id":"https:\/\/informeanualintegrado2019.ferrovial.com\/es\/evolucion-previsible-de-los-negocios-en-2020\/#primaryimage"},"image":{"@id":"https:\/\/informeanualintegrado2019.ferrovial.com\/es\/evolucion-previsible-de-los-negocios-en-2020\/#primaryimage"},"thumbnailUrl":"https:\/\/static-iai.ferrovial.com\/wp-content\/uploads\/sites\/5\/2020\/02\/03115959\/evolucion01.jpg","datePublished":"2018-12-17T11:05:17+00:00","dateModified":"2020-02-27T19:20:13+00:00","breadcrumb":{"@id":"https:\/\/informeanualintegrado2019.ferrovial.com\/es\/evolucion-previsible-de-los-negocios-en-2020\/#breadcrumb"},"inLanguage":"es","potentialAction":[{"@type":"ReadAction","target":["https:\/\/informeanualintegrado2019.ferrovial.com\/es\/evolucion-previsible-de-los-negocios-en-2020\/"]}]},{"@type":"ImageObject","inLanguage":"es","@id":"https:\/\/informeanualintegrado2019.ferrovial.com\/es\/evolucion-previsible-de-los-negocios-en-2020\/#primaryimage","url":"https:\/\/static-iai.ferrovial.com\/wp-content\/uploads\/sites\/5\/2020\/02\/03115959\/evolucion01.jpg","contentUrl":"https:\/\/static-iai.ferrovial.com\/wp-content\/uploads\/sites\/5\/2020\/02\/03115959\/evolucion01.jpg","width":1920,"height":1004},{"@type":"BreadcrumbList","@id":"https:\/\/informeanualintegrado2019.ferrovial.com\/es\/evolucion-previsible-de-los-negocios-en-2020\/#breadcrumb","itemListElement":[{"@type":"ListItem","position":1,"name":"Portada","item":"https:\/\/informeanualintegrado2019.ferrovial.com\/es\/"},{"@type":"ListItem","position":2,"name":"Evoluci\u00f3n previsible de los Negocios en 2020"}]},{"@type":"WebSite","@id":"https:\/\/informeanualintegrado2019.ferrovial.com\/es\/#website","url":"https:\/\/informeanualintegrado2019.ferrovial.com\/es\/","name":"Informe Anual Integrado 2019","description":"","publisher":{"@id":"https:\/\/informeanualintegrado2019.ferrovial.com\/es\/#organization"},"potentialAction":[{"@type":"SearchAction","target":{"@type":"EntryPoint","urlTemplate":"https:\/\/informeanualintegrado2019.ferrovial.com\/es\/?s={search_term_string}"},"query-input":{"@type":"PropertyValueSpecification","valueRequired":true,"valueName":"search_term_string"}}],"inLanguage":"es"},{"@type":"Organization","@id":"https:\/\/informeanualintegrado2019.ferrovial.com\/es\/#organization","name":"Ferrovial Corporaci\u00f3n S.A","url":"https:\/\/informeanualintegrado2019.ferrovial.com\/es\/","logo":{"@type":"ImageObject","inLanguage":"es","@id":"https:\/\/informeanualintegrado2019.ferrovial.com\/es\/#\/schema\/logo\/image\/","url":"https:\/\/static-iai.ferrovial.com\/wp-content\/uploads\/sites\/5\/2019\/02\/03120518\/ferrovial_logo_negativo.jpg","contentUrl":"https:\/\/static-iai.ferrovial.com\/wp-content\/uploads\/sites\/5\/2019\/02\/03120518\/ferrovial_logo_negativo.jpg","width":1988,"height":688,"caption":"Ferrovial Corporaci\u00f3n S.A"},"image":{"@id":"https:\/\/informeanualintegrado2019.ferrovial.com\/es\/#\/schema\/logo\/image\/"},"sameAs":["https:\/\/www.facebook.com\/ferrovial","https:\/\/x.com\/ferrovial_es","https:\/\/instagram.com\/ferrovial","https:\/\/www.linkedin.com\/company\/ferrovial","https:\/\/pinterest.com\/ferrovial","https:\/\/www.youtube.com\/ferrovial"]}]}},"_links":{"self":[{"href":"https:\/\/informeanualintegrado2019.ferrovial.com\/es\/wp-json\/wp\/v2\/pages\/32","targetHints":{"allow":["GET"]}}],"collection":[{"href":"https:\/\/informeanualintegrado2019.ferrovial.com\/es\/wp-json\/wp\/v2\/pages"}],"about":[{"href":"https:\/\/informeanualintegrado2019.ferrovial.com\/es\/wp-json\/wp\/v2\/types\/page"}],"replies":[{"embeddable":true,"href":"https:\/\/informeanualintegrado2019.ferrovial.com\/es\/wp-json\/wp\/v2\/comments?post=32"}],"version-history":[{"count":4,"href":"https:\/\/informeanualintegrado2019.ferrovial.com\/es\/wp-json\/wp\/v2\/pages\/32\/revisions"}],"predecessor-version":[{"id":8584,"href":"https:\/\/informeanualintegrado2019.ferrovial.com\/es\/wp-json\/wp\/v2\/pages\/32\/revisions\/8584"}],"wp:featuredmedia":[{"embeddable":true,"href":"https:\/\/informeanualintegrado2019.ferrovial.com\/es\/wp-json\/wp\/v2\/media\/6944"}],"wp:attachment":[{"href":"https:\/\/informeanualintegrado2019.ferrovial.com\/es\/wp-json\/wp\/v2\/media?parent=32"}],"curies":[{"name":"wp","href":"https:\/\/api.w.org\/{rel}","templated":true}]}}