{"id":28,"date":"2018-12-17T11:03:52","date_gmt":"2018-12-17T11:03:52","guid":{"rendered":"https:\/\/informeanualintegrado2019.ferrovial.com\/?page_id=28"},"modified":"2020-02-27T20:17:06","modified_gmt":"2020-02-27T19:17:06","slug":"riesgos","status":"publish","type":"page","link":"https:\/\/informeanualintegrado2019.ferrovial.com\/es\/riesgos\/","title":{"rendered":"Riesgos"},"content":{"rendered":"<p>Riesgos<\/p>\n","protected":false},"excerpt":{"rendered":"<p>La consecuci\u00f3n de los objetivos estrat\u00e9gicos y operativos de Ferrovial requiere una gesti\u00f3n eficaz de los riesgos, incluyendo el aprovechamiento de las oportunidades de negocio que puedan resultar.<\/p>\n","protected":false},"author":3,"featured_media":6940,"parent":0,"menu_order":0,"comment_status":"closed","ping_status":"closed","template":"template-level.php","meta":{"_acf_changed":false,"_monsterinsights_skip_tracking":false,"_monsterinsights_sitenote_active":false,"_monsterinsights_sitenote_note":"","_monsterinsights_sitenote_category":0,"footnotes":""},"class_list":["post-28","page","type-page","status-publish","has-post-thumbnail","hentry"],"acf":[],"yoast_head":"<!-- This site is optimized with the Yoast SEO plugin v27.2 - https:\/\/yoast.com\/product\/yoast-seo-wordpress\/ -->\n<title>Riesgos - Informe Anual Integrado 2019<\/title>\n<meta name=\"robots\" content=\"noindex, follow, max-snippet:-1, max-image-preview:large, max-video-preview:-1\" \/>\n<meta property=\"og:locale\" content=\"es_ES\" \/>\n<meta property=\"og:type\" content=\"article\" \/>\n<meta property=\"og:title\" content=\"Riesgos - Informe Anual Integrado 2019\" \/>\n<meta property=\"og:description\" content=\"La consecuci\u00f3n de los objetivos estrat\u00e9gicos y operativos de Ferrovial requiere una gesti\u00f3n eficaz de los riesgos, incluyendo el aprovechamiento de las oportunidades de negocio que puedan resultar.\" \/>\n<meta property=\"og:url\" content=\"https:\/\/informeanualintegrado2019.ferrovial.com\/es\/riesgos\/\" \/>\n<meta property=\"og:site_name\" content=\"Informe Anual Integrado 2019\" \/>\n<meta property=\"article:publisher\" content=\"https:\/\/www.facebook.com\/ferrovial\" \/>\n<meta property=\"article:modified_time\" content=\"2020-02-27T19:17:06+00:00\" \/>\n<meta property=\"og:image\" content=\"https:\/\/static-iai.ferrovial.com\/wp-content\/uploads\/sites\/5\/2020\/02\/03120003\/riesgos02.jpg\" \/>\n\t<meta property=\"og:image:width\" content=\"1920\" \/>\n\t<meta property=\"og:image:height\" content=\"1100\" \/>\n\t<meta property=\"og:image:type\" content=\"image\/jpeg\" \/>\n<meta name=\"twitter:card\" content=\"summary_large_image\" \/>\n<meta name=\"twitter:site\" content=\"@ferrovial_es\" \/>\n<script type=\"application\/ld+json\" class=\"yoast-schema-graph\">{\"@context\":\"https:\/\/schema.org\",\"@graph\":[{\"@type\":\"WebPage\",\"@id\":\"https:\/\/informeanualintegrado2019.ferrovial.com\/es\/riesgos\/\",\"url\":\"https:\/\/informeanualintegrado2019.ferrovial.com\/es\/riesgos\/\",\"name\":\"Riesgos - Informe Anual Integrado 2019\",\"isPartOf\":{\"@id\":\"https:\/\/informeanualintegrado2019.ferrovial.com\/es\/#website\"},\"primaryImageOfPage\":{\"@id\":\"https:\/\/informeanualintegrado2019.ferrovial.com\/es\/riesgos\/#primaryimage\"},\"image\":{\"@id\":\"https:\/\/informeanualintegrado2019.ferrovial.com\/es\/riesgos\/#primaryimage\"},\"thumbnailUrl\":\"https:\/\/static-iai.ferrovial.com\/wp-content\/uploads\/sites\/5\/2020\/02\/03120003\/riesgos02.jpg\",\"datePublished\":\"2018-12-17T11:03:52+00:00\",\"dateModified\":\"2020-02-27T19:17:06+00:00\",\"breadcrumb\":{\"@id\":\"https:\/\/informeanualintegrado2019.ferrovial.com\/es\/riesgos\/#breadcrumb\"},\"inLanguage\":\"es\",\"potentialAction\":[{\"@type\":\"ReadAction\",\"target\":[\"https:\/\/informeanualintegrado2019.ferrovial.com\/es\/riesgos\/\"]}]},{\"@type\":\"ImageObject\",\"inLanguage\":\"es\",\"@id\":\"https:\/\/informeanualintegrado2019.ferrovial.com\/es\/riesgos\/#primaryimage\",\"url\":\"https:\/\/static-iai.ferrovial.com\/wp-content\/uploads\/sites\/5\/2020\/02\/03120003\/riesgos02.jpg\",\"contentUrl\":\"https:\/\/static-iai.ferrovial.com\/wp-content\/uploads\/sites\/5\/2020\/02\/03120003\/riesgos02.jpg\",\"width\":1920,\"height\":1100},{\"@type\":\"BreadcrumbList\",\"@id\":\"https:\/\/informeanualintegrado2019.ferrovial.com\/es\/riesgos\/#breadcrumb\",\"itemListElement\":[{\"@type\":\"ListItem\",\"position\":1,\"name\":\"Portada\",\"item\":\"https:\/\/informeanualintegrado2019.ferrovial.com\/es\/\"},{\"@type\":\"ListItem\",\"position\":2,\"name\":\"Riesgos\"}]},{\"@type\":\"WebSite\",\"@id\":\"https:\/\/informeanualintegrado2019.ferrovial.com\/es\/#website\",\"url\":\"https:\/\/informeanualintegrado2019.ferrovial.com\/es\/\",\"name\":\"Informe Anual Integrado 2019\",\"description\":\"\",\"publisher\":{\"@id\":\"https:\/\/informeanualintegrado2019.ferrovial.com\/es\/#organization\"},\"potentialAction\":[{\"@type\":\"SearchAction\",\"target\":{\"@type\":\"EntryPoint\",\"urlTemplate\":\"https:\/\/informeanualintegrado2019.ferrovial.com\/es\/?s={search_term_string}\"},\"query-input\":{\"@type\":\"PropertyValueSpecification\",\"valueRequired\":true,\"valueName\":\"search_term_string\"}}],\"inLanguage\":\"es\"},{\"@type\":\"Organization\",\"@id\":\"https:\/\/informeanualintegrado2019.ferrovial.com\/es\/#organization\",\"name\":\"Ferrovial Corporaci\u00f3n S.A\",\"url\":\"https:\/\/informeanualintegrado2019.ferrovial.com\/es\/\",\"logo\":{\"@type\":\"ImageObject\",\"inLanguage\":\"es\",\"@id\":\"https:\/\/informeanualintegrado2019.ferrovial.com\/es\/#\/schema\/logo\/image\/\",\"url\":\"https:\/\/static-iai.ferrovial.com\/wp-content\/uploads\/sites\/5\/2019\/02\/03120518\/ferrovial_logo_negativo.jpg\",\"contentUrl\":\"https:\/\/static-iai.ferrovial.com\/wp-content\/uploads\/sites\/5\/2019\/02\/03120518\/ferrovial_logo_negativo.jpg\",\"width\":1988,\"height\":688,\"caption\":\"Ferrovial Corporaci\u00f3n S.A\"},\"image\":{\"@id\":\"https:\/\/informeanualintegrado2019.ferrovial.com\/es\/#\/schema\/logo\/image\/\"},\"sameAs\":[\"https:\/\/www.facebook.com\/ferrovial\",\"https:\/\/x.com\/ferrovial_es\",\"https:\/\/instagram.com\/ferrovial\",\"https:\/\/www.linkedin.com\/company\/ferrovial\",\"https:\/\/pinterest.com\/ferrovial\",\"https:\/\/www.youtube.com\/ferrovial\"]}]}<\/script>\n<!-- \/ Yoast SEO plugin. -->","yoast_head_json":{"title":"Riesgos - Informe Anual Integrado 2019","robots":{"index":"noindex","follow":"follow","max-snippet":"max-snippet:-1","max-image-preview":"max-image-preview:large","max-video-preview":"max-video-preview:-1"},"og_locale":"es_ES","og_type":"article","og_title":"Riesgos - Informe Anual Integrado 2019","og_description":"La consecuci\u00f3n de los objetivos estrat\u00e9gicos y operativos de Ferrovial requiere una gesti\u00f3n eficaz de los riesgos, incluyendo el aprovechamiento de las oportunidades de negocio que puedan resultar.","og_url":"https:\/\/informeanualintegrado2019.ferrovial.com\/es\/riesgos\/","og_site_name":"Informe Anual Integrado 2019","article_publisher":"https:\/\/www.facebook.com\/ferrovial","article_modified_time":"2020-02-27T19:17:06+00:00","og_image":[{"width":1920,"height":1100,"url":"https:\/\/static-iai.ferrovial.com\/wp-content\/uploads\/sites\/5\/2020\/02\/03120003\/riesgos02.jpg","type":"image\/jpeg"}],"twitter_card":"summary_large_image","twitter_site":"@ferrovial_es","schema":{"@context":"https:\/\/schema.org","@graph":[{"@type":"WebPage","@id":"https:\/\/informeanualintegrado2019.ferrovial.com\/es\/riesgos\/","url":"https:\/\/informeanualintegrado2019.ferrovial.com\/es\/riesgos\/","name":"Riesgos - Informe Anual Integrado 2019","isPartOf":{"@id":"https:\/\/informeanualintegrado2019.ferrovial.com\/es\/#website"},"primaryImageOfPage":{"@id":"https:\/\/informeanualintegrado2019.ferrovial.com\/es\/riesgos\/#primaryimage"},"image":{"@id":"https:\/\/informeanualintegrado2019.ferrovial.com\/es\/riesgos\/#primaryimage"},"thumbnailUrl":"https:\/\/static-iai.ferrovial.com\/wp-content\/uploads\/sites\/5\/2020\/02\/03120003\/riesgos02.jpg","datePublished":"2018-12-17T11:03:52+00:00","dateModified":"2020-02-27T19:17:06+00:00","breadcrumb":{"@id":"https:\/\/informeanualintegrado2019.ferrovial.com\/es\/riesgos\/#breadcrumb"},"inLanguage":"es","potentialAction":[{"@type":"ReadAction","target":["https:\/\/informeanualintegrado2019.ferrovial.com\/es\/riesgos\/"]}]},{"@type":"ImageObject","inLanguage":"es","@id":"https:\/\/informeanualintegrado2019.ferrovial.com\/es\/riesgos\/#primaryimage","url":"https:\/\/static-iai.ferrovial.com\/wp-content\/uploads\/sites\/5\/2020\/02\/03120003\/riesgos02.jpg","contentUrl":"https:\/\/static-iai.ferrovial.com\/wp-content\/uploads\/sites\/5\/2020\/02\/03120003\/riesgos02.jpg","width":1920,"height":1100},{"@type":"BreadcrumbList","@id":"https:\/\/informeanualintegrado2019.ferrovial.com\/es\/riesgos\/#breadcrumb","itemListElement":[{"@type":"ListItem","position":1,"name":"Portada","item":"https:\/\/informeanualintegrado2019.ferrovial.com\/es\/"},{"@type":"ListItem","position":2,"name":"Riesgos"}]},{"@type":"WebSite","@id":"https:\/\/informeanualintegrado2019.ferrovial.com\/es\/#website","url":"https:\/\/informeanualintegrado2019.ferrovial.com\/es\/","name":"Informe Anual Integrado 2019","description":"","publisher":{"@id":"https:\/\/informeanualintegrado2019.ferrovial.com\/es\/#organization"},"potentialAction":[{"@type":"SearchAction","target":{"@type":"EntryPoint","urlTemplate":"https:\/\/informeanualintegrado2019.ferrovial.com\/es\/?s={search_term_string}"},"query-input":{"@type":"PropertyValueSpecification","valueRequired":true,"valueName":"search_term_string"}}],"inLanguage":"es"},{"@type":"Organization","@id":"https:\/\/informeanualintegrado2019.ferrovial.com\/es\/#organization","name":"Ferrovial Corporaci\u00f3n S.A","url":"https:\/\/informeanualintegrado2019.ferrovial.com\/es\/","logo":{"@type":"ImageObject","inLanguage":"es","@id":"https:\/\/informeanualintegrado2019.ferrovial.com\/es\/#\/schema\/logo\/image\/","url":"https:\/\/static-iai.ferrovial.com\/wp-content\/uploads\/sites\/5\/2019\/02\/03120518\/ferrovial_logo_negativo.jpg","contentUrl":"https:\/\/static-iai.ferrovial.com\/wp-content\/uploads\/sites\/5\/2019\/02\/03120518\/ferrovial_logo_negativo.jpg","width":1988,"height":688,"caption":"Ferrovial Corporaci\u00f3n S.A"},"image":{"@id":"https:\/\/informeanualintegrado2019.ferrovial.com\/es\/#\/schema\/logo\/image\/"},"sameAs":["https:\/\/www.facebook.com\/ferrovial","https:\/\/x.com\/ferrovial_es","https:\/\/instagram.com\/ferrovial","https:\/\/www.linkedin.com\/company\/ferrovial","https:\/\/pinterest.com\/ferrovial","https:\/\/www.youtube.com\/ferrovial"]}]}},"_links":{"self":[{"href":"https:\/\/informeanualintegrado2019.ferrovial.com\/es\/wp-json\/wp\/v2\/pages\/28","targetHints":{"allow":["GET"]}}],"collection":[{"href":"https:\/\/informeanualintegrado2019.ferrovial.com\/es\/wp-json\/wp\/v2\/pages"}],"about":[{"href":"https:\/\/informeanualintegrado2019.ferrovial.com\/es\/wp-json\/wp\/v2\/types\/page"}],"author":[{"embeddable":true,"href":"https:\/\/informeanualintegrado2019.ferrovial.com\/es\/wp-json\/wp\/v2\/users\/3"}],"replies":[{"embeddable":true,"href":"https:\/\/informeanualintegrado2019.ferrovial.com\/es\/wp-json\/wp\/v2\/comments?post=28"}],"version-history":[{"count":3,"href":"https:\/\/informeanualintegrado2019.ferrovial.com\/es\/wp-json\/wp\/v2\/pages\/28\/revisions"}],"predecessor-version":[{"id":8567,"href":"https:\/\/informeanualintegrado2019.ferrovial.com\/es\/wp-json\/wp\/v2\/pages\/28\/revisions\/8567"}],"wp:featuredmedia":[{"embeddable":true,"href":"https:\/\/informeanualintegrado2019.ferrovial.com\/es\/wp-json\/wp\/v2\/media\/6940"}],"wp:attachment":[{"href":"https:\/\/informeanualintegrado2019.ferrovial.com\/es\/wp-json\/wp\/v2\/media?parent=28"}],"curies":[{"name":"wp","href":"https:\/\/api.w.org\/{rel}","templated":true}]}}